{"id":4,"date":"2017-02-27T11:21:59","date_gmt":"2017-02-27T13:21:59","guid":{"rendered":"https:\/\/www.straikas.lt\/?page_id=4"},"modified":"2025-05-26T07:00:48","modified_gmt":"2025-05-26T09:00:48","slug":"pradzia","status":"publish","type":"page","link":"https:\/\/straikas.lt\/en\/","title":{"rendered":"(LT) Prad\u017eia"},"content":{"rendered":"<p><\/p>\n<p><strong>Factory of birch sap, natural beverages and bottling services<\/strong><\/p>\n<p><img decoding=\"async\" loading=\"lazy\" class=\"alignnone size-full wp-image-29\" src=\"https:\/\/www.straikas.lt\/wp-content\/uploads\/2017\/02\/mp-separator.png\" alt=\"\" width=\"97\" height=\"2\" \/><\/p>\n<p>UAB Straikas is a Lithuanian capital company with more than 20 years of experience in the production of birch sap and other beverages and implementing the latest global trends in beverage production.<br \/>\nThe company is located in \u0160al\u010dinink\u0173 district, surrounded by nature, away from the hustle and bustle of the city.<br \/>\nA competent, energetic and professional team ensures the highest quality, production process and customer service, consultations, recommendations.<\/p>\n<p><\/p>","protected":false},"excerpt":{"rendered":"<p>Factory of birch sap, natural beverages and bottling services UAB Straikas is a Lithuanian capital company with more than 20 years of experience in the production of birch sap and \u2026<\/p>\n","protected":false},"author":1,"featured_media":0,"parent":0,"menu_order":0,"comment_status":"closed","ping_status":"closed","template":"main.php","meta":[],"_links":{"self":[{"href":"https:\/\/straikas.lt\/en\/wp-json\/wp\/v2\/pages\/4"}],"collection":[{"href":"https:\/\/straikas.lt\/en\/wp-json\/wp\/v2\/pages"}],"about":[{"href":"https:\/\/straikas.lt\/en\/wp-json\/wp\/v2\/types\/page"}],"author":[{"embeddable":true,"href":"https:\/\/straikas.lt\/en\/wp-json\/wp\/v2\/users\/1"}],"replies":[{"embeddable":true,"href":"https:\/\/straikas.lt\/en\/wp-json\/wp\/v2\/comments?post=4"}],"version-history":[{"count":8,"href":"https:\/\/straikas.lt\/en\/wp-json\/wp\/v2\/pages\/4\/revisions"}],"predecessor-version":[{"id":842,"href":"https:\/\/straikas.lt\/en\/wp-json\/wp\/v2\/pages\/4\/revisions\/842"}],"wp:attachment":[{"href":"https:\/\/straikas.lt\/en\/wp-json\/wp\/v2\/media?parent=4"}],"curies":[{"name":"wp","href":"https:\/\/api.w.org\/{rel}","templated":true}]}}