{"id":26,"date":"2017-02-27T11:26:40","date_gmt":"2017-02-27T13:26:40","guid":{"rendered":"https:\/\/www.straikas.lt\/?page_id=26"},"modified":"2025-11-04T06:05:04","modified_gmt":"2025-11-04T08:05:04","slug":"apie-imone","status":"publish","type":"page","link":"https:\/\/straikas.lt\/en\/apie-imone\/","title":{"rendered":"About the company"},"content":{"rendered":"<p><\/p>\n<p><img decoding=\"async\" loading=\"lazy\" class=\"alignnone size-full wp-image-29\" src=\"https:\/\/www.straikas.lt\/wp-content\/uploads\/2017\/02\/mp-separator.png\" alt=\"\" width=\"97\" height=\"2\"><\/p>\n<p>After having started with the greenfield investment in 1999, in 2009 JSC Straikas has headed to the direction of agricultural project development. The primary activity in this field was the export of Lithuanian agricultural products, search for new markets and marketing for the producers of&nbsp;agricultural goods. The cooperation with foreign markets was constantly growing together with consumer needs for naturally healthy products, especially those labeled with the EU organic product logo. The latter was one of the main reasons why the company decided to create a Lithuanian juice&nbsp;line with high value-added. To transform this idea to reality, in 2013 JSC Straikas purchased a manufacturing unit of 3000 m2 located in Didieji Bausiai village, Salcininkai district, which was reconstructed and adapted to meet international production needs.<br \/>\nUAB &#8220;Straikas&#8221; is one of the largest and most advanced producers of natural birch sap in Europe.<br \/>\nWe have revived the traditions of birch sap, with a new taste and demand for consumption &#8211; the volume of sap production is growing every year, occupying the majority of the factory&#8217;s activity.<br \/>\nThe annual capacity for collecting and processing birch sap is 3,000,000 L.<br \/>\nUAB &#8220;Straikas&#8221; currently exports to more than 20 markets: Latvia, Estonia, Poland, Sweden, Germany, France, Denmark, Italy, United Kingdom, United Arab Emirates, Finland, Ukraine, South Korea, Oman, China, Israel, Slovenia, Georgia, Japan, Cyprus.<\/p>\n<p>UAB Straikas is a MEMBER of the VILNIUS CHAMBER OF COMMERCE, INDUSTRY AND CRAFTS.<\/p>\n<p><img decoding=\"async\" loading=\"lazy\" class=\"alignnone size-medium wp-image-505\" src=\"https:\/\/www.straikas.lt\/wp-content\/uploads\/2020\/12\/rumai-logo-en-300x86.jpg\" alt=\"\" width=\"300\" height=\"86\" srcset=\"https:\/\/straikas.lt\/wp-content\/uploads\/2020\/12\/rumai-logo-en-300x86.jpg 300w, https:\/\/straikas.lt\/wp-content\/uploads\/2020\/12\/rumai-logo-en-768x220.jpg 768w, https:\/\/straikas.lt\/wp-content\/uploads\/2020\/12\/rumai-logo-en-1024x293.jpg 1024w, https:\/\/straikas.lt\/wp-content\/uploads\/2020\/12\/rumai-logo-en.jpg 1325w\" sizes=\"(max-width: 300px) 100vw, 300px\" \/><\/p>\n<p>2024 05 08<\/p>\n<p><strong>2023 Product of the Year Winner<\/strong><\/p>\n<p>During the general assembly of the Vilnius Chamber of Commerce, Industry and Crafts, the exclusive SIP SAP organic birch juice with cranberries, ginger and propolis was announced as the PRODUCT OF THE YEAR 2023!<\/p>\n<p><img decoding=\"async\" loading=\"lazy\" class=\"alignnone wp-image-787 size-large\" src=\"https:\/\/www.straikas.lt\/wp-content\/uploads\/2024\/05\/2023-metu-laim\u0117jimas-1024x706.jpg\" alt=\"\" width=\"1024\" height=\"706\" srcset=\"https:\/\/straikas.lt\/wp-content\/uploads\/2024\/05\/2023-metu-laim\u0117jimas-1024x706.jpg 1024w, https:\/\/straikas.lt\/wp-content\/uploads\/2024\/05\/2023-metu-laim\u0117jimas-300x207.jpg 300w, https:\/\/straikas.lt\/wp-content\/uploads\/2024\/05\/2023-metu-laim\u0117jimas-768x529.jpg 768w\" sizes=\"(max-width: 1024px) 100vw, 1024px\" \/><\/p>\n<p>2024 03 01<\/p>\n<p><strong>Birch sap season is already starting<\/strong><\/p>\n<p><iframe loading=\"lazy\" title=\"SIP SAP organic birch water - tapped not made!\" width=\"500\" height=\"281\" src=\"https:\/\/www.youtube.com\/embed\/NzXs3gNRO5w?feature=oembed\" frameborder=\"0\" allow=\"accelerometer; autoplay; clipboard-write; encrypted-media; gyroscope; picture-in-picture; web-share\" referrerpolicy=\"strict-origin-when-cross-origin\" allowfullscreen><\/iframe><\/p>\n<p>2023 07 11<\/p>\n<p>July 11 A tasting of Lithuanian food and drinks was held at the event held in the Palace of Lords, attended by about 500 invited guests. During it, the guests tasted black bread baked by &#8220;Bir\u017e\u0173 duonas&#8221;, &#8220;Dz\u016bkijas&#8221; shakotis, &#8220;D\u017eugos&#8221; cheese, &#8220;Straiko&#8221; SIP SAP birch juice, bitters and liqueurs from Pakruojs manor distillery and brewery, &#8220;\u0160vyturys-Utenos alaus&#8221; beer, &#8221; ACALA group&#8221; kombuchas.<br \/>\nGift baskets for journalists also include Sip Sap birch sap.<\/p>\n<p>In foreign markets, Lithuania is known for its exceptional and sustainably produced food products, and we tried to show that at the events held during the NATO summit &#8211; we present not only confectionery products that nurture deep Lithuanian traditions or organic birch sap, which is already common to us, but which is still a discovery for foreign guests.<\/p>\n<p><img decoding=\"async\" loading=\"lazy\" class=\"alignnone wp-image-729 size-large\" src=\"https:\/\/www.straikas.lt\/wp-content\/uploads\/2023\/07\/nato2-1024x624.jpg\" alt=\"\" width=\"1024\" height=\"624\" srcset=\"https:\/\/straikas.lt\/wp-content\/uploads\/2023\/07\/nato2-1024x624.jpg 1024w, https:\/\/straikas.lt\/wp-content\/uploads\/2023\/07\/nato2-300x183.jpg 300w, https:\/\/straikas.lt\/wp-content\/uploads\/2023\/07\/nato2-768x468.jpg 768w\" sizes=\"(max-width: 1024px) 100vw, 1024px\" \/><\/p>\n<p>2023 07 11-12<\/p>\n<p>The Ministry of Agriculture of the Republic of Lithuania and LitFOOD would like to thank SIP SAP for their outstanding contribution to the successful presentation of the Lithuanian food and beverage sector during the NATO summit in Vilnius.<br \/>\n<img decoding=\"async\" loading=\"lazy\" class=\"alignnone wp-image-726 size-large\" src=\"https:\/\/www.straikas.lt\/wp-content\/uploads\/2023\/07\/straikas-nato-1024x441.jpg\" alt=\"\" width=\"1024\" height=\"441\" srcset=\"https:\/\/straikas.lt\/wp-content\/uploads\/2023\/07\/straikas-nato-1024x441.jpg 1024w, https:\/\/straikas.lt\/wp-content\/uploads\/2023\/07\/straikas-nato-300x129.jpg 300w, https:\/\/straikas.lt\/wp-content\/uploads\/2023\/07\/straikas-nato-768x331.jpg 768w\" sizes=\"(max-width: 1024px) 100vw, 1024px\" \/><\/p>\n<p>More information:&nbsp;<a href=\"https:\/\/www.lrytas.lt\/verslas\/rinkos-pulsas\/2023\/07\/13\/news\/po-nato-susitikimo-lietuviai-suskubo-vaisinti-valstybiu-lyderius-dave-lietuvisko-surio-sulos-duonos-27682641\">LRytas<\/a>,&nbsp;<a href=\"https:\/\/www.vz.lt\/prekyba\/2023\/07\/13\/nato-virsuniu-susitikimo-issukiai-nuo-maisto-iki-logistikos\">Verslo \u017einios<\/a>,&nbsp;<a href=\"https:\/\/www.tv3.lt\/naujiena\/verslas\/atskleide-kuo-lietuviai-vaisina-nato-svecius-nuo-sakocio-iki-trauktiniu-ir-likeriu-n1247703\">TV3.lt<\/a><\/p>\n<p>2021 11 17-18<\/p>\n<h4>SIP SAP Natural &amp; Organic Awards Scandinavia&nbsp; &#8211; Best New Drink Product!<\/h4>\n<p><img decoding=\"async\" loading=\"lazy\" class=\"alignnone wp-image-637 size-large\" src=\"https:\/\/www.straikas.lt\/wp-content\/uploads\/2021\/11\/award-2021-1024x554.jpg\" alt=\"\" width=\"1024\" height=\"554\" srcset=\"https:\/\/straikas.lt\/wp-content\/uploads\/2021\/11\/award-2021-1024x554.jpg 1024w, https:\/\/straikas.lt\/wp-content\/uploads\/2021\/11\/award-2021-300x162.jpg 300w, https:\/\/straikas.lt\/wp-content\/uploads\/2021\/11\/award-2021-768x415.jpg 768w\" sizes=\"(max-width: 1024px) 100vw, 1024px\" \/><\/p>\n<p>More info:&nbsp;&nbsp;<a href=\"https:\/\/www.ecolifeshow.com\/eco-life-scandinavia-and-the-nordic-organic-food-fair-2021-makes-successful-return-after-two-year-break\/\">Eco Life Scandinavia and the Nordic Organic Food Fair 2021 makes successful return after two-year break &#8211; Eco Life Scandinavia (ecolifeshow.com)<\/a><\/p>\n<p>2022 04 01<\/p>\n<p><strong><span style=\"font-size: 14pt;\">Straikas on export markets and experience at Enterprise Europe Network business contacts<\/span><\/strong><\/p>\n<p><a href=\"https:\/\/www.alfa.lt\/verslas\/verslo-naujienos\/straikas-apie-eksporto-rinkas-ir-patirtis-enterprise-europe-network-verslo-kontaktu-renginiuose\/250469\/\"><img decoding=\"async\" loading=\"lazy\" class=\"alignnone wp-image-661 size-large\" src=\"https:\/\/www.straikas.lt\/wp-content\/uploads\/2022\/04\/gint-1024x567.jpg\" alt=\"\" width=\"1024\" height=\"567\" srcset=\"https:\/\/straikas.lt\/wp-content\/uploads\/2022\/04\/gint-1024x567.jpg 1024w, https:\/\/straikas.lt\/wp-content\/uploads\/2022\/04\/gint-300x166.jpg 300w, https:\/\/straikas.lt\/wp-content\/uploads\/2022\/04\/gint-768x425.jpg 768w\" sizes=\"(max-width: 1024px) 100vw, 1024px\" \/><\/a><\/p>\n<p>2021 10 28<\/p>\n<p><strong><span style=\"font-size: 14pt;\">Export development of UAB Straikas in the global market<\/span><\/strong><\/p>\n<p><iframe loading=\"lazy\" title=\"Straikas EU 2\" width=\"500\" height=\"281\" src=\"https:\/\/www.youtube.com\/embed\/iCDWXCHanwI?feature=oembed\" frameborder=\"0\" allow=\"accelerometer; autoplay; clipboard-write; encrypted-media; gyroscope; picture-in-picture; web-share\" referrerpolicy=\"strict-origin-when-cross-origin\" allowfullscreen><\/iframe><\/p>\n<p>2021 10 01<\/p>\n<p id=\"tw-target-text\" class=\"tw-data-text tw-text-large XcVN5d tw-ta\" dir=\"ltr\" data-placeholder=\"Vertimas\"><strong><span class=\"Y2IQFc\" lang=\"en\" style=\"font-size: 14pt;\">A business mission to Greece took place: Lithuanian-Greek business forum and B2B contact event<\/span><\/strong><\/p>\n<p><img decoding=\"async\" loading=\"lazy\" class=\"alignnone wp-image-619 size-large\" src=\"https:\/\/www.straikas.lt\/wp-content\/uploads\/2021\/10\/ggg-1024x534.jpg\" alt=\"\" width=\"1024\" height=\"534\" srcset=\"https:\/\/straikas.lt\/wp-content\/uploads\/2021\/10\/ggg-1024x534.jpg 1024w, https:\/\/straikas.lt\/wp-content\/uploads\/2021\/10\/ggg-300x156.jpg 300w, https:\/\/straikas.lt\/wp-content\/uploads\/2021\/10\/ggg-768x400.jpg 768w\" sizes=\"(max-width: 1024px) 100vw, 1024px\" \/><\/p>\n<p id=\"tw-target-text\" class=\"tw-data-text tw-text-large XcVN5d tw-ta\" dir=\"ltr\" data-placeholder=\"Vertimas\"><span class=\"Y2IQFc\" lang=\"en\">Read the full article:<\/span> <a href=\"https:\/\/www.cci.lt\/naujienos\/ivyko-verslo-misija-i-graikija-lietuvos-graikijos-verslo-forumas-ir-b2b-kontaktu-renginys\/\">\u012evyko verslo misija \u012f Graikij\u0105: Lietuvos \u2013 Graikijos verslo forumas ir B2B kontakt\u0173 renginys (cci.lt)<\/a><\/p>\n<p>2021 10 01<\/p>\n<p><strong><span style=\"font-size: 14pt;\">Innovation and opportunities in cooperation with reliable partners<\/span><\/strong><\/p>\n<p><iframe loading=\"lazy\" src=\"\/\/www.youtube.com\/embed\/vKbxq5xZfJk\" width=\"560\" height=\"314\" allowfullscreen=\"allowfullscreen\"><\/iframe><\/p>\n<p>2019 07 19<\/p>\n<p><span style=\"font-size: 14pt;\"><strong>UAB Straikas has implemented ISO 22000:2018 standards<\/strong><\/span><\/p>\n<p><img decoding=\"async\" loading=\"lazy\" class=\"alignnone size-full wp-image-279\" src=\"https:\/\/www.straikas.lt\/wp-content\/uploads\/2019\/07\/iso-22000-2018-fsms-certification-consultancy-1553600453-4790082.jpeg\" alt=\"\" width=\"300\" height=\"300\" srcset=\"https:\/\/straikas.lt\/wp-content\/uploads\/2019\/07\/iso-22000-2018-fsms-certification-consultancy-1553600453-4790082.jpeg 300w, https:\/\/straikas.lt\/wp-content\/uploads\/2019\/07\/iso-22000-2018-fsms-certification-consultancy-1553600453-4790082-150x150.jpeg 150w, https:\/\/straikas.lt\/wp-content\/uploads\/2019\/07\/iso-22000-2018-fsms-certification-consultancy-1553600453-4790082-140x140.jpeg 140w\" sizes=\"(max-width: 300px) 100vw, 300px\" \/><\/p>\n<p><\/p>","protected":false},"excerpt":{"rendered":"<p>After having started with the greenfield investment in 1999, in 2009 JSC Straikas has headed to the direction of agricultural project development. The primary activity in this field was the \u2026<\/p>\n","protected":false},"author":1,"featured_media":0,"parent":0,"menu_order":0,"comment_status":"closed","ping_status":"closed","template":"","meta":[],"_links":{"self":[{"href":"https:\/\/straikas.lt\/en\/wp-json\/wp\/v2\/pages\/26"}],"collection":[{"href":"https:\/\/straikas.lt\/en\/wp-json\/wp\/v2\/pages"}],"about":[{"href":"https:\/\/straikas.lt\/en\/wp-json\/wp\/v2\/types\/page"}],"author":[{"embeddable":true,"href":"https:\/\/straikas.lt\/en\/wp-json\/wp\/v2\/users\/1"}],"replies":[{"embeddable":true,"href":"https:\/\/straikas.lt\/en\/wp-json\/wp\/v2\/comments?post=26"}],"version-history":[{"count":122,"href":"https:\/\/straikas.lt\/en\/wp-json\/wp\/v2\/pages\/26\/revisions"}],"predecessor-version":[{"id":889,"href":"https:\/\/straikas.lt\/en\/wp-json\/wp\/v2\/pages\/26\/revisions\/889"}],"wp:attachment":[{"href":"https:\/\/straikas.lt\/en\/wp-json\/wp\/v2\/media?parent=26"}],"curies":[{"name":"wp","href":"https:\/\/api.w.org\/{rel}","templated":true}]}}